{"id":4924,"date":"2025-01-09T17:10:54","date_gmt":"2025-01-09T17:10:54","guid":{"rendered":"https:\/\/www.acemimarlik.com\/?page_id=4924"},"modified":"2025-05-12T08:18:18","modified_gmt":"2025-05-12T08:18:18","slug":"commercial","status":"publish","type":"page","link":"https:\/\/www.acemimarlik.com\/en\/commercial\/","title":{"rendered":"Commercial"},"content":{"rendered":"<!DOCTYPE html PUBLIC \"-\/\/W3C\/\/DTD HTML 4.0 Transitional\/\/EN\" \"http:\/\/www.w3.org\/TR\/REC-html40\/loose.dtd\">\n<html><body><div data-elementor-type=\"wp-page\" data-elementor-id=\"4924\" class=\"elementor elementor-4924\" data-elementor-post-type=\"page\">\n\t\t\t\t<div data-custom-animations=\"true\" data-ca-options='{\"addChildTimelines\":false,\"trigger\":\"firstChild\",\"animationTarget\":\":scope .e-con-inner &gt; .elementor-element:not(.lqd-exclude-parent-ca) &gt; .elementor-widget-container, :scope .e-con-inner &gt; .elementor-widget-hub_fancy_heading .lqd-split-lines .lqd-lines .split-inner, :scope .e-con-inner &gt; .elementor-widget-hub_fancy_heading .lqd-split-words .lqd-words .split-inner, :scope .e-con-inner &gt; .elementor-widget-hub_fancy_heading .lqd-split-chars .lqd-chars .split-inner, :scope .e-con-inner &gt; .elementor-widget-hub_fancy_heading .lqd-adv-txt-fig, :scope .e-con-inner &gt; .elementor-widget-ld_custom_menu .lqd-fancy-menu &gt; ul &gt; li, :scope .e-con:not([data-parallax]) .elementor-element &gt; .elementor-widget-container, :scope .e-con:not([data-parallax]) .elementor-widget-hub_fancy_heading .lqd-split-lines .lqd-lines .split-inner, :scope .e-con:not([data-parallax]) .elementor-widget-hub_fancy_heading .lqd-split-words .lqd-words .split-inner, :scope .e-con:not([data-parallax]) .elementor-widget-hub_fancy_heading .lqd-split-chars .lqd-chars .split-inner, :scope .e-con:not([data-parallax]) .elementor-widget-ld_custom_menu .lqd-fancy-menu &gt; ul &gt; li\",\"ease\":[\"power4.out\"],\"initValues\":{\"y\":\"70px\",\"opacity\":0,\"transformOrigin\":\"50% 50% 0px\"},\"animations\":{\"y\":\"0px\",\"opacity\":1,\"transformOrigin\":\"50% 50% 0px\"}}' class=\"elementor-element elementor-element-cb43f4e e-flex e-con-boxed e-con e-parent\" data-id=\"cb43f4e\" data-element_type=\"container\" data-settings='{\"background_background\":\"classic\"}'>\n\t\t\t\t\t<div class=\"e-con-inner\">\n\t\t\t\t<div class=\"elementor-element elementor-element-963d34d elementor-widget__width-initial elementor-widget-mobile__width-inherit elementor-widget elementor-widget-text-editor\" data-id=\"963d34d\" data-element_type=\"widget\" data-widget_type=\"text-editor.default\">\n\t\t\t\t<div class=\"elementor-widget-container\">\n\t\t\t\t\t\t\t<p>ACE has been shaping spaces through a diverse range of projects, including residential buildings, offices, mixed-use developments, and cultural landmarks since 1985. With over 9 million square meters designed to date, our work reflects a legacy of innovation and thoughtful design across various scales and contexts.<\/p>\t\t\t\t\t\t<\/div>\n\t\t\t\t<\/div>\n\t\t\t\t\t<\/div>\n\t\t\t\t<\/div>\n\t\t<div class=\"elementor-element elementor-element-3e2826d e-flex e-con-boxed e-con e-parent\" data-id=\"3e2826d\" data-element_type=\"container\">\n\t\t\t\t\t<div class=\"e-con-inner\">\n\t\t\t\t\t<\/div>\n\t\t\t\t<\/div>\n\t\t<div class=\"elementor-element elementor-element-3224353 e-flex e-con-boxed e-con e-parent\" data-id=\"3224353\" data-element_type=\"container\">\n\t\t\t\t\t<div class=\"e-con-inner\">\n\t\t\t\t<div class=\"elementor-element elementor-element-0040be4 elementor-hidden-mobile elementor-widget elementor-widget-ld_custom_menu\" data-id=\"0040be4\" data-element_type=\"widget\" data-widget_type=\"ld_custom_menu.default\">\n\t\t\t\t<div class=\"elementor-widget-container\">\n\t\t\t\n\t\t\t<div class=\"lqd-fancy-menu lqd-custom-menu pos-rel lqd-menu-td-none\">\n\t\t\t\n\t\t\t\t\t\t<ul id=\"lqd-custom-menu-0040be4\" class=\"reset-ul inline-ul\" itemtype=\"http:\/\/schema.org\/SiteNavigationElement\" itemscope=\"itemscope\"><li id=\"menu-item-9901\" class=\"menu-item menu-item-type-post_type menu-item-object-page menu-item-9901\"><a href=\"https:\/\/www.acemimarlik.com\/en\/projects\/\">&Ouml;ne &Ccedil;&#305;kan Projeler<\/a><\/li>\n<li id=\"menu-item-9900\" class=\"menu-item menu-item-type-post_type menu-item-object-page menu-item-9900\"><a href=\"https:\/\/www.acemimarlik.com\/en\/all\/\">T&uuml;m&uuml;<\/a><\/li>\n<li id=\"menu-item-9902\" class=\"menu-item menu-item-type-post_type menu-item-object-page menu-item-9902\"><a href=\"https:\/\/www.acemimarlik.com\/en\/residential\/\">Residential<\/a><\/li>\n<li id=\"menu-item-9903\" class=\"menu-item menu-item-type-post_type menu-item-object-page menu-item-9903\"><a href=\"https:\/\/www.acemimarlik.com\/en\/mixed-use\/\">Mixed Use<\/a><\/li>\n<li id=\"menu-item-9907\" class=\"menu-item menu-item-type-post_type menu-item-object-page menu-item-9907\"><a href=\"https:\/\/www.acemimarlik.com\/en\/villa\/\">Villa<\/a><\/li>\n<li id=\"menu-item-9904\" class=\"menu-item menu-item-type-post_type menu-item-object-page menu-item-9904\"><a href=\"https:\/\/www.acemimarlik.com\/en\/office\/\">Ofis<\/a><\/li>\n<li id=\"menu-item-9905\" class=\"menu-item menu-item-type-post_type menu-item-object-page menu-item-9905\"><a href=\"https:\/\/www.acemimarlik.com\/en\/commercial\/\">Commercial<\/a><\/li>\n<li id=\"menu-item-9906\" class=\"menu-item menu-item-type-post_type menu-item-object-page menu-item-9906\"><a href=\"https:\/\/www.acemimarlik.com\/en\/tourism\/\">Tourism<\/a><\/li>\n<li id=\"menu-item-9908\" class=\"menu-item menu-item-type-post_type menu-item-object-page menu-item-9908\"><a href=\"https:\/\/www.acemimarlik.com\/en\/education-culture-and-health\/\">E&#287;itim, K&uuml;lt&uuml;r ve Sa&#287;l&#305;k<\/a><\/li>\n<li id=\"menu-item-9909\" class=\"menu-item menu-item-type-post_type menu-item-object-page menu-item-9909\"><a href=\"https:\/\/www.acemimarlik.com\/en\/interior-design\/\">&#304;&ccedil; Tasar&#305;m<\/a><\/li>\n<li id=\"menu-item-9910\" class=\"menu-item menu-item-type-post_type menu-item-object-page menu-item-9910\"><a href=\"https:\/\/www.acemimarlik.com\/en\/urban-design-and-landscape\/\">Kentsel Tasar&#305;m ve Peyzaj<\/a><\/li>\n<\/ul>\t\t\t\t\t\t\t\t\t<\/div>\n\t\t\t\t<\/div>\n\t\t\t\t<\/div>\n\t\t\t\t\t<\/div>\n\t\t\t\t<\/div>\n\t\t<div class=\"elementor-element elementor-element-0e15b65 animated-slow e-flex e-con-boxed elementor-invisible e-con e-parent\" data-id=\"0e15b65\" data-element_type=\"container\" data-settings='{\"animation\":\"zoomIn\"}'>\n\t\t\t\t\t<div class=\"e-con-inner\">\n<style>\n\t.elementor-element-0e15b65 {\n\t\tmask: linear-gradient(0deg, black, black), url(#lqd-cutout-mask-0e15b65);\n\t\tmask-composite: exclude;\n\t}\n<\/style>\n\n<div class=\"lqd-cutout lqd-cutout-1 lqd-cutout-br lqd-cutout-0e15b65 pointer-events-none\">\n\t<svg xmlns=\"http:\/\/www.w3.org\/2000\/svg\" class=\"lqd-cutout-svg pos-abs pos-tl w-100 h-100 w-full h-full pointer-events-none z-index--1\" role=\"none\" width=\"100\" height=\"100\" fill=\"none\">\n\t\t<mask id=\"lqd-cutout-mask-circle-bs-0e15b65\">\n\t\t\t<circle class=\"lqd-cutout-mask-circle lqd-cutout-mask-circle-bs lqd-cutout-mask-circle-bs-mask-fill\" cx=\"50\" cy=\"50\" r=\"50\" fill=\"white\"><\/circle>\n\t\t\t<circle class=\"lqd-cutout-mask-circle lqd-cutout-mask-circle-bs lqd-cutout-mask-circle-bs-mask-clip\" cx=\"50\" cy=\"50\" r=\"50\" fill=\"black\"><\/circle>\n\t\t<\/mask>\n\t\t<mask id=\"lqd-cutout-mask-circle-te-0e15b65\">\n\t\t\t<circle class=\"lqd-cutout-mask-circle lqd-cutout-mask-circle-te lqd-cutout-mask-circle-te-mask-fill\" cx=\"50\" cy=\"50\" r=\"50\" fill=\"white\"><\/circle>\n\t\t\t<circle class=\"lqd-cutout-mask-circle lqd-cutout-mask-circle-te lqd-cutout-mask-circle-te-mask-clip\" cx=\"50\" cy=\"50\" r=\"50\" fill=\"black\"><\/circle>\n\t\t<\/mask>\n\n\t\t<defs>\n\t\t\t<mask id=\"lqd-cutout-mask-0e15b65\">\n\t\t\t\t<g class=\"lqd-cutout-mask-g-wrap\">\n\t\t\t\t\t<g class=\"lqd-cutout-mask-g\">\n\t\t\t\t\t\t<rect class=\"lqd-cutout-mask-rect lqd-cutout-mask-rect-1\" width=\"760\" height=\"160\" rx=\"38\" fill=\"white\"><\/rect>\n\t\t\t\t\t\t<rect class=\"lqd-cutout-mask-rect lqd-cutout-mask-rect-fill\" width=\"760\" height=\"160\" fill=\"white\"><\/rect>\n\t\t\t\t\t\t<circle class=\"lqd-cutout-mask-circle lqd-cutout-mask-circle-bs\" cx=\"50\" cy=\"50\" r=\"50\" fill=\"white\" mask=\"url(#lqd-cutout-mask-circle-bs-0e15b65)\"><\/circle>\n\t\t\t\t\t\t<circle class=\"lqd-cutout-mask-circle lqd-cutout-mask-circle-te\" cx=\"50\" cy=\"50\" r=\"50\" fill=\"white\" mask=\"url(#lqd-cutout-mask-circle-te-0e15b65)\"><\/circle>\n\t\t\t\t\t<\/g>\n\t\t\t\t<\/g>\n\t\t\t<\/mask>\n\t\t<\/defs>\n\t<\/svg>\n<\/div>\n\t\t\t\t<div class=\"elementor-element elementor-element-53d3741 elementor-posts__hover-none zoom-container elementor-grid-3 elementor-grid-tablet-2 elementor-grid-mobile-1 elementor-posts--thumbnail-top elementor-widget elementor-widget-posts\" data-id=\"53d3741\" data-element_type=\"widget\" data-settings='{\"cards_row_gap\":{\"unit\":\"px\",\"size\":80,\"sizes\":[]},\"pagination_type\":\"load_more_infinite_scroll\",\"cards_columns\":\"3\",\"cards_columns_tablet\":\"2\",\"cards_columns_mobile\":\"1\",\"cards_row_gap_tablet\":{\"unit\":\"px\",\"size\":\"\",\"sizes\":[]},\"cards_row_gap_mobile\":{\"unit\":\"px\",\"size\":\"\",\"sizes\":[]},\"load_more_spinner\":{\"value\":\"fas fa-spinner\",\"library\":\"fa-solid\"}}' data-widget_type=\"posts.cards\">\n\t\t\t\t<div class=\"elementor-widget-container\">\n\t\t\t\t\t<div class=\"elementor-posts-container elementor-posts elementor-posts--skin-cards elementor-grid\">\n\t\t\t\t<article class=\"elementor-post elementor-grid-item post-10737 liquid-portfolio type-liquid-portfolio status-publish format-standard has-post-thumbnail hentry liquid-portfolio-category-all liquid-portfolio-category-commercial\">\n\t\t\t<div class=\"elementor-post__card\">\n\t\t\t\t<a class=\"elementor-post__thumbnail__link\" href=\"https:\/\/www.acemimarlik.com\/en\/portfolio\/golbasi-incek-ticaret\/\" tabindex=\"-1\"><div class=\"elementor-post__thumbnail\"><img fetchpriority=\"high\" decoding=\"async\" width=\"3840\" height=\"2160\" src=\"https:\/\/www.acemimarlik.com\/wp-content\/uploads\/2026\/01\/R0_FO-12-copy.jpg\" class=\"attachment-full size-full wp-image-10739\" alt=\"\" srcset=\"https:\/\/www.acemimarlik.com\/wp-content\/uploads\/2026\/01\/R0_FO-12-copy.jpg 3840w, https:\/\/www.acemimarlik.com\/wp-content\/uploads\/2026\/01\/R0_FO-12-copy-300x169.jpg 300w, https:\/\/www.acemimarlik.com\/wp-content\/uploads\/2026\/01\/R0_FO-12-copy-1024x576.jpg 1024w, https:\/\/www.acemimarlik.com\/wp-content\/uploads\/2026\/01\/R0_FO-12-copy-18x10.jpg 18w\" sizes=\"(max-width: 3840px) 100vw, 3840px\"><\/div><\/a>\n\t\t\t\t<div class=\"elementor-post__text\">\n\t\t\t\t<h3 class=\"elementor-post__title\">\n\t\t\t<a href=\"https:\/\/www.acemimarlik.com\/en\/portfolio\/golbasi-incek-ticaret\/\">\n\t\t\t\tG\u00f6lba\u015f\u0131 - \u0130ncek Commercial\t\t\t<\/a>\n\t\t<\/h3>\n\t\t\t\t<\/div>\n\t\t\t\t\t<\/div>\n\t\t<\/article>\n\t\t\t\t<article class=\"elementor-post elementor-grid-item post-10166 liquid-portfolio type-liquid-portfolio status-publish format-standard has-post-thumbnail hentry liquid-portfolio-category-all liquid-portfolio-category-commercial\">\n\t\t\t<div class=\"elementor-post__card\">\n\t\t\t\t<a class=\"elementor-post__thumbnail__link\" href=\"https:\/\/www.acemimarlik.com\/en\/portfolio\/felix-mogan\/\" tabindex=\"-1\"><div class=\"elementor-post__thumbnail\"><img decoding=\"async\" width=\"7680\" height=\"4320\" src=\"https:\/\/www.acemimarlik.com\/wp-content\/uploads\/2025\/09\/05.jpg\" class=\"attachment-full size-full wp-image-10176\" alt=\"\" srcset=\"https:\/\/www.acemimarlik.com\/wp-content\/uploads\/2025\/09\/05.jpg 7680w, https:\/\/www.acemimarlik.com\/wp-content\/uploads\/2025\/09\/05-300x169.jpg 300w, https:\/\/www.acemimarlik.com\/wp-content\/uploads\/2025\/09\/05-1024x576.jpg 1024w, https:\/\/www.acemimarlik.com\/wp-content\/uploads\/2025\/09\/05-18x10.jpg 18w, https:\/\/www.acemimarlik.com\/wp-content\/uploads\/2025\/09\/05-1536x864.jpg 1536w, https:\/\/www.acemimarlik.com\/wp-content\/uploads\/2025\/09\/05-2048x1152.jpg 2048w\" sizes=\"(max-width: 7680px) 100vw, 7680px\"><\/div><\/a>\n\t\t\t\t<div class=\"elementor-post__text\">\n\t\t\t\t<h3 class=\"elementor-post__title\">\n\t\t\t<a href=\"https:\/\/www.acemimarlik.com\/en\/portfolio\/felix-mogan\/\">\n\t\t\t\tFelix Mogan\t\t\t<\/a>\n\t\t<\/h3>\n\t\t\t\t<\/div>\n\t\t\t\t\t<\/div>\n\t\t<\/article>\n\t\t\t\t<article class=\"elementor-post elementor-grid-item post-10151 liquid-portfolio type-liquid-portfolio status-publish format-standard has-post-thumbnail hentry liquid-portfolio-category-all liquid-portfolio-category-commercial\">\n\t\t\t<div class=\"elementor-post__card\">\n\t\t\t\t<a class=\"elementor-post__thumbnail__link\" href=\"https:\/\/www.acemimarlik.com\/en\/portfolio\/ned-maestro-satis-ofisi\/\" tabindex=\"-1\"><div class=\"elementor-post__thumbnail\"><img decoding=\"async\" width=\"3192\" height=\"1792\" src=\"https:\/\/www.acemimarlik.com\/wp-content\/uploads\/2025\/09\/NED-Maestro-Satis-Ofisi-1.png\" class=\"attachment-full size-full wp-image-10806\" alt=\"\" srcset=\"https:\/\/www.acemimarlik.com\/wp-content\/uploads\/2025\/09\/NED-Maestro-Satis-Ofisi-1.png 3192w, https:\/\/www.acemimarlik.com\/wp-content\/uploads\/2025\/09\/NED-Maestro-Satis-Ofisi-1-300x168.png 300w, https:\/\/www.acemimarlik.com\/wp-content\/uploads\/2025\/09\/NED-Maestro-Satis-Ofisi-1-1024x575.png 1024w, https:\/\/www.acemimarlik.com\/wp-content\/uploads\/2025\/09\/NED-Maestro-Satis-Ofisi-1-18x10.png 18w\" sizes=\"(max-width: 3192px) 100vw, 3192px\"><\/div><\/a>\n\t\t\t\t<div class=\"elementor-post__text\">\n\t\t\t\t<h3 class=\"elementor-post__title\">\n\t\t\t<a href=\"https:\/\/www.acemimarlik.com\/en\/portfolio\/ned-maestro-satis-ofisi\/\">\n\t\t\t\tNED MAESTRO Sat&#305;&#351; Ofisi\t\t\t<\/a>\n\t\t<\/h3>\n\t\t\t\t<\/div>\n\t\t\t\t\t<\/div>\n\t\t<\/article>\n\t\t\t\t<article class=\"elementor-post elementor-grid-item post-6308 liquid-portfolio type-liquid-portfolio status-publish format-standard has-post-thumbnail hentry liquid-portfolio-category-all liquid-portfolio-category-commercial\">\n\t\t\t<div class=\"elementor-post__card\">\n\t\t\t\t<a class=\"elementor-post__thumbnail__link\" href=\"https:\/\/www.acemimarlik.com\/en\/portfolio\/velux-plus-satis-ofisi\/\" tabindex=\"-1\"><div class=\"elementor-post__thumbnail\"><img loading=\"lazy\" decoding=\"async\" width=\"2560\" height=\"1440\" src=\"https:\/\/www.acemimarlik.com\/wp-content\/uploads\/2025\/01\/v-scaled.jpg\" class=\"attachment-full size-full wp-image-6320\" alt=\"\" srcset=\"https:\/\/www.acemimarlik.com\/wp-content\/uploads\/2025\/01\/v-scaled.jpg 2560w, https:\/\/www.acemimarlik.com\/wp-content\/uploads\/2025\/01\/v-300x169.jpg 300w, https:\/\/www.acemimarlik.com\/wp-content\/uploads\/2025\/01\/v-1024x576.jpg 1024w\" sizes=\"(max-width: 2560px) 100vw, 2560px\"><\/div><\/a>\n\t\t\t\t<div class=\"elementor-post__text\">\n\t\t\t\t<h3 class=\"elementor-post__title\">\n\t\t\t<a href=\"https:\/\/www.acemimarlik.com\/en\/portfolio\/velux-plus-satis-ofisi\/\">\n\t\t\t\tVelux Plus Showroom\t\t\t<\/a>\n\t\t<\/h3>\n\t\t\t\t<\/div>\n\t\t\t\t\t<\/div>\n\t\t<\/article>\n\t\t\t\t<article class=\"elementor-post elementor-grid-item post-6681 liquid-portfolio type-liquid-portfolio status-publish format-standard has-post-thumbnail hentry liquid-portfolio-category-all liquid-portfolio-category-commercial\">\n\t\t\t<div class=\"elementor-post__card\">\n\t\t\t\t<a class=\"elementor-post__thumbnail__link\" href=\"https:\/\/www.acemimarlik.com\/en\/portfolio\/santra-satis-ofisi\/\" tabindex=\"-1\"><div class=\"elementor-post__thumbnail\"><img loading=\"lazy\" decoding=\"async\" width=\"1793\" height=\"1019\" src=\"https:\/\/www.acemimarlik.com\/wp-content\/uploads\/2025\/01\/P_10-3.jpg\" class=\"attachment-full size-full wp-image-11038\" alt=\"\" srcset=\"https:\/\/www.acemimarlik.com\/wp-content\/uploads\/2025\/01\/P_10-3.jpg 1793w, https:\/\/www.acemimarlik.com\/wp-content\/uploads\/2025\/01\/P_10-3-300x170.jpg 300w, https:\/\/www.acemimarlik.com\/wp-content\/uploads\/2025\/01\/P_10-3-1024x582.jpg 1024w, https:\/\/www.acemimarlik.com\/wp-content\/uploads\/2025\/01\/P_10-3-18x10.jpg 18w\" sizes=\"(max-width: 1793px) 100vw, 1793px\"><\/div><\/a>\n\t\t\t\t<div class=\"elementor-post__text\">\n\t\t\t\t<h3 class=\"elementor-post__title\">\n\t\t\t<a href=\"https:\/\/www.acemimarlik.com\/en\/portfolio\/santra-satis-ofisi\/\">\n\t\t\t\tSantra Showroom\t\t\t<\/a>\n\t\t<\/h3>\n\t\t\t\t<\/div>\n\t\t\t\t\t<\/div>\n\t\t<\/article>\n\t\t\t\t<article class=\"elementor-post elementor-grid-item post-5877 liquid-portfolio type-liquid-portfolio status-publish format-standard has-post-thumbnail hentry liquid-portfolio-category-all liquid-portfolio-category-commercial\">\n\t\t\t<div class=\"elementor-post__card\">\n\t\t\t\t<a class=\"elementor-post__thumbnail__link\" href=\"https:\/\/www.acemimarlik.com\/en\/portfolio\/mobilya-center\/\" tabindex=\"-1\"><div class=\"elementor-post__thumbnail\"><img loading=\"lazy\" decoding=\"async\" width=\"1920\" height=\"1080\" src=\"https:\/\/www.acemimarlik.com\/wp-content\/uploads\/2025\/01\/1_31-Photo-2.jpg\" class=\"attachment-full size-full wp-image-5879\" alt=\"\" srcset=\"https:\/\/www.acemimarlik.com\/wp-content\/uploads\/2025\/01\/1_31-Photo-2.jpg 1920w, https:\/\/www.acemimarlik.com\/wp-content\/uploads\/2025\/01\/1_31-Photo-2-300x169.jpg 300w, https:\/\/www.acemimarlik.com\/wp-content\/uploads\/2025\/01\/1_31-Photo-2-1024x576.jpg 1024w, https:\/\/www.acemimarlik.com\/wp-content\/uploads\/2025\/01\/1_31-Photo-2-1536x864.jpg 1536w, https:\/\/www.acemimarlik.com\/wp-content\/uploads\/2025\/01\/1_31-Photo-2-18x10.jpg 18w\" sizes=\"(max-width: 1920px) 100vw, 1920px\"><\/div><\/a>\n\t\t\t\t<div class=\"elementor-post__text\">\n\t\t\t\t<h3 class=\"elementor-post__title\">\n\t\t\t<a href=\"https:\/\/www.acemimarlik.com\/en\/portfolio\/mobilya-center\/\">\n\t\t\t\tMobilya Center\t\t\t<\/a>\n\t\t<\/h3>\n\t\t\t\t<\/div>\n\t\t\t\t\t<\/div>\n\t\t<\/article>\n\t\t\t\t<article class=\"elementor-post elementor-grid-item post-7140 liquid-portfolio type-liquid-portfolio status-publish format-standard has-post-thumbnail hentry liquid-portfolio-category-all liquid-portfolio-category-commercial\">\n\t\t\t<div class=\"elementor-post__card\">\n\t\t\t\t<a class=\"elementor-post__thumbnail__link\" href=\"https:\/\/www.acemimarlik.com\/en\/portfolio\/ankara-buyuksehir-belediyesi-hizmet-binasi\/\" tabindex=\"-1\"><div class=\"elementor-post__thumbnail\"><img loading=\"lazy\" decoding=\"async\" width=\"617\" height=\"948\" src=\"https:\/\/www.acemimarlik.com\/wp-content\/uploads\/2025\/01\/abb1.jpg\" class=\"attachment-full size-full wp-image-7141\" alt=\"\" srcset=\"https:\/\/www.acemimarlik.com\/wp-content\/uploads\/2025\/01\/abb1.jpg 617w, https:\/\/www.acemimarlik.com\/wp-content\/uploads\/2025\/01\/abb1-195x300.jpg 195w, https:\/\/www.acemimarlik.com\/wp-content\/uploads\/2025\/01\/abb1-8x12.jpg 8w\" sizes=\"(max-width: 617px) 100vw, 617px\"><\/div><\/a>\n\t\t\t\t<div class=\"elementor-post__text\">\n\t\t\t\t<h3 class=\"elementor-post__title\">\n\t\t\t<a href=\"https:\/\/www.acemimarlik.com\/en\/portfolio\/ankara-buyuksehir-belediyesi-hizmet-binasi\/\">\n\t\t\t\tAnkara Metropolitan Municipality Office Building\t\t\t<\/a>\n\t\t<\/h3>\n\t\t\t\t<\/div>\n\t\t\t\t\t<\/div>\n\t\t<\/article>\n\t\t\t\t<article class=\"elementor-post elementor-grid-item post-5634 liquid-portfolio type-liquid-portfolio status-publish format-standard has-post-thumbnail hentry liquid-portfolio-category-all liquid-portfolio-category-commercial\">\n\t\t\t<div class=\"elementor-post__card\">\n\t\t\t\t<a class=\"elementor-post__thumbnail__link\" href=\"https:\/\/www.acemimarlik.com\/en\/portfolio\/100-yil-pazar-yeri\/\" tabindex=\"-1\"><div class=\"elementor-post__thumbnail\"><img loading=\"lazy\" decoding=\"async\" width=\"1500\" height=\"855\" src=\"https:\/\/www.acemimarlik.com\/wp-content\/uploads\/2025\/01\/100_3-1.jpg\" class=\"attachment-full size-full wp-image-11064\" alt=\"\" srcset=\"https:\/\/www.acemimarlik.com\/wp-content\/uploads\/2025\/01\/100_3-1.jpg 1500w, https:\/\/www.acemimarlik.com\/wp-content\/uploads\/2025\/01\/100_3-1-300x171.jpg 300w, https:\/\/www.acemimarlik.com\/wp-content\/uploads\/2025\/01\/100_3-1-1024x584.jpg 1024w, https:\/\/www.acemimarlik.com\/wp-content\/uploads\/2025\/01\/100_3-1-18x10.jpg 18w\" sizes=\"(max-width: 1500px) 100vw, 1500px\"><\/div><\/a>\n\t\t\t\t<div class=\"elementor-post__text\">\n\t\t\t\t<h3 class=\"elementor-post__title\">\n\t\t\t<a href=\"https:\/\/www.acemimarlik.com\/en\/portfolio\/100-yil-pazar-yeri\/\">\n\t\t\t\t100th Year Market Place\t\t\t<\/a>\n\t\t<\/h3>\n\t\t\t\t<\/div>\n\t\t\t\t\t<\/div>\n\t\t<\/article>\n\t\t\t\t<article class=\"elementor-post elementor-grid-item post-7117 liquid-portfolio type-liquid-portfolio status-publish format-standard has-post-thumbnail hentry liquid-portfolio-category-all liquid-portfolio-category-commercial\">\n\t\t\t<div class=\"elementor-post__card\">\n\t\t\t\t<a class=\"elementor-post__thumbnail__link\" href=\"https:\/\/www.acemimarlik.com\/en\/portfolio\/anadolu-250-resitogullari-renault-plaza\/\" tabindex=\"-1\"><div class=\"elementor-post__thumbnail\"><img loading=\"lazy\" decoding=\"async\" width=\"2560\" height=\"1434\" src=\"https:\/\/www.acemimarlik.com\/wp-content\/uploads\/2025\/01\/ANADOLU0-scaled.jpg\" class=\"attachment-full size-full wp-image-7120\" alt=\"\" srcset=\"https:\/\/www.acemimarlik.com\/wp-content\/uploads\/2025\/01\/ANADOLU0-scaled.jpg 2560w, https:\/\/www.acemimarlik.com\/wp-content\/uploads\/2025\/01\/ANADOLU0-1024x573.jpg 1024w, https:\/\/www.acemimarlik.com\/wp-content\/uploads\/2025\/01\/ANADOLU0-300x168.jpg 300w, https:\/\/www.acemimarlik.com\/wp-content\/uploads\/2025\/01\/ANADOLU0-1536x860.jpg 1536w, https:\/\/www.acemimarlik.com\/wp-content\/uploads\/2025\/01\/ANADOLU0-2048x1147.jpg 2048w, https:\/\/www.acemimarlik.com\/wp-content\/uploads\/2025\/01\/ANADOLU0-1250x700.jpg 1250w, https:\/\/www.acemimarlik.com\/wp-content\/uploads\/2025\/01\/ANADOLU0-scaled-18x10.jpg 18w\" sizes=\"(max-width: 2560px) 100vw, 2560px\"><\/div><\/a>\n\t\t\t\t<div class=\"elementor-post__text\">\n\t\t\t\t<h3 class=\"elementor-post__title\">\n\t\t\t<a href=\"https:\/\/www.acemimarlik.com\/en\/portfolio\/anadolu-250-resitogullari-renault-plaza\/\">\n\t\t\t\tAnadolu-250 Re\u015fito\u011fullar\u0131 Renault Plaza\t\t\t<\/a>\n\t\t<\/h3>\n\t\t\t\t<\/div>\n\t\t\t\t\t<\/div>\n\t\t<\/article>\n\t\t\t\t<article class=\"elementor-post elementor-grid-item post-5589 liquid-portfolio type-liquid-portfolio status-publish format-standard has-post-thumbnail hentry liquid-portfolio-category-all liquid-portfolio-category-commercial\">\n\t\t\t<div class=\"elementor-post__card\">\n\t\t\t\t<a class=\"elementor-post__thumbnail__link\" href=\"https:\/\/www.acemimarlik.com\/en\/portfolio\/antalya-kafe\/\" tabindex=\"-1\"><div class=\"elementor-post__thumbnail\"><img loading=\"lazy\" decoding=\"async\" width=\"1500\" height=\"980\" src=\"https:\/\/www.acemimarlik.com\/wp-content\/uploads\/2025\/01\/antalya-kafe1.jpg\" class=\"attachment-full size-full wp-image-5590\" alt=\"\" srcset=\"https:\/\/www.acemimarlik.com\/wp-content\/uploads\/2025\/01\/antalya-kafe1.jpg 1500w, https:\/\/www.acemimarlik.com\/wp-content\/uploads\/2025\/01\/antalya-kafe1-300x196.jpg 300w, https:\/\/www.acemimarlik.com\/wp-content\/uploads\/2025\/01\/antalya-kafe1-1024x669.jpg 1024w\" sizes=\"(max-width: 1500px) 100vw, 1500px\"><\/div><\/a>\n\t\t\t\t<div class=\"elementor-post__text\">\n\t\t\t\t<h3 class=\"elementor-post__title\">\n\t\t\t<a href=\"https:\/\/www.acemimarlik.com\/en\/portfolio\/antalya-kafe\/\">\n\t\t\t\tAntalya Cafe\t\t\t<\/a>\n\t\t<\/h3>\n\t\t\t\t<\/div>\n\t\t\t\t\t<\/div>\n\t\t<\/article>\n\t\t\t\t<article class=\"elementor-post elementor-grid-item post-5509 liquid-portfolio type-liquid-portfolio status-publish format-standard has-post-thumbnail hentry liquid-portfolio-category-all liquid-portfolio-category-commercial liquid-portfolio-category-office\">\n\t\t\t<div class=\"elementor-post__card\">\n\t\t\t\t<a class=\"elementor-post__thumbnail__link\" href=\"https:\/\/www.acemimarlik.com\/en\/portfolio\/parkoran-sosyal-tesis-2\/\" tabindex=\"-1\"><div class=\"elementor-post__thumbnail\"><img loading=\"lazy\" decoding=\"async\" width=\"1500\" height=\"980\" src=\"https:\/\/www.acemimarlik.com\/wp-content\/uploads\/2025\/01\/mesaavm3-1.jpg\" class=\"attachment-full size-full wp-image-11097\" alt=\"\" srcset=\"https:\/\/www.acemimarlik.com\/wp-content\/uploads\/2025\/01\/mesaavm3-1.jpg 1500w, https:\/\/www.acemimarlik.com\/wp-content\/uploads\/2025\/01\/mesaavm3-1-300x196.jpg 300w, https:\/\/www.acemimarlik.com\/wp-content\/uploads\/2025\/01\/mesaavm3-1-1024x669.jpg 1024w, https:\/\/www.acemimarlik.com\/wp-content\/uploads\/2025\/01\/mesaavm3-1-18x12.jpg 18w\" sizes=\"(max-width: 1500px) 100vw, 1500px\"><\/div><\/a>\n\t\t\t\t<div class=\"elementor-post__text\">\n\t\t\t\t<h3 class=\"elementor-post__title\">\n\t\t\t<a href=\"https:\/\/www.acemimarlik.com\/en\/portfolio\/parkoran-sosyal-tesis-2\/\">\n\t\t\t\tMesa Shopping Mall\t\t\t<\/a>\n\t\t<\/h3>\n\t\t\t\t<\/div>\n\t\t\t\t\t<\/div>\n\t\t<\/article>\n\t\t\t\t<\/div>\n\t\t\t\t\t<span class=\"e-load-more-spinner\">\n\t\t\t\t<svg aria-hidden=\"true\" class=\"e-font-icon-svg e-fas-spinner\" viewbox=\"0 0 512 512\" xmlns=\"http:\/\/www.w3.org\/2000\/svg\"><path d=\"M304 48c0 26.51-21.49 48-48 48s-48-21.49-48-48 21.49-48 48-48 48 21.49 48 48zm-48 368c-26.51 0-48 21.49-48 48s21.49 48 48 48 48-21.49 48-48-21.49-48-48-48zm208-208c-26.51 0-48 21.49-48 48s21.49 48 48 48 48-21.49 48-48-21.49-48-48-48zM96 256c0-26.51-21.49-48-48-48S0 229.49 0 256s21.49 48 48 48 48-21.49 48-48zm12.922 99.078c-26.51 0-48 21.49-48 48s21.49 48 48 48 48-21.49 48-48c0-26.509-21.491-48-48-48zm294.156 0c-26.51 0-48 21.49-48 48s21.49 48 48 48 48-21.49 48-48c0-26.509-21.49-48-48-48zM108.922 60.922c-26.51 0-48 21.49-48 48s21.49 48 48 48 48-21.49 48-48-21.491-48-48-48z\"><\/path><\/svg>\t\t\t<\/span>\n\t\t\n\t\t\t\t<\/div>\n\t\t\t\t<\/div>\n\t\t\t\t\t<\/div>\n\t\t\t\t<\/div>\n\t\t\t\t<\/div>\n\t\t<\/body><\/html>","protected":false},"excerpt":{"rendered":"<p>ACE has been shaping spaces through a diverse range of projects, including residential buildings, offices, mixed-use developments, and cultural landmarks since 1985. With over 9<\/p>","protected":false},"author":2,"featured_media":0,"parent":0,"menu_order":0,"comment_status":"closed","ping_status":"closed","template":"","meta":{"_acf_changed":false,"footnotes":""},"class_list":["post-4924","page","type-page","status-publish","hentry"],"acf":[],"_links":{"self":[{"href":"https:\/\/www.acemimarlik.com\/en\/wp-json\/wp\/v2\/pages\/4924","targetHints":{"allow":["GET"]}}],"collection":[{"href":"https:\/\/www.acemimarlik.com\/en\/wp-json\/wp\/v2\/pages"}],"about":[{"href":"https:\/\/www.acemimarlik.com\/en\/wp-json\/wp\/v2\/types\/page"}],"author":[{"embeddable":true,"href":"https:\/\/www.acemimarlik.com\/en\/wp-json\/wp\/v2\/users\/2"}],"replies":[{"embeddable":true,"href":"https:\/\/www.acemimarlik.com\/en\/wp-json\/wp\/v2\/comments?post=4924"}],"version-history":[{"count":40,"href":"https:\/\/www.acemimarlik.com\/en\/wp-json\/wp\/v2\/pages\/4924\/revisions"}],"predecessor-version":[{"id":9925,"href":"https:\/\/www.acemimarlik.com\/en\/wp-json\/wp\/v2\/pages\/4924\/revisions\/9925"}],"wp:attachment":[{"href":"https:\/\/www.acemimarlik.com\/en\/wp-json\/wp\/v2\/media?parent=4924"}],"curies":[{"name":"wp","href":"https:\/\/api.w.org\/{rel}","templated":true}]}}